{"id":2725,"date":"2021-04-21T08:42:48","date_gmt":"2021-04-21T06:42:48","guid":{"rendered":"https:\/\/www.nection.eu\/avviso-legale\/"},"modified":"2025-10-24T15:09:51","modified_gmt":"2025-10-24T13:09:51","slug":"avviso-legale","status":"publish","type":"page","link":"https:\/\/www.nection.eu\/it\/avviso-legale\/","title":{"rendered":"Avviso legale"},"content":{"rendered":"\t\t<div data-elementor-type=\"wp-page\" data-elementor-id=\"2725\" class=\"elementor elementor-2725 elementor-56\" data-elementor-post-type=\"page\">\n\t\t\t\t<div class=\"has_eae_slider elementor-element elementor-element-d9860a1 e-con-full e-flex e-con e-parent\" data-eae-slider=\"53534\" data-particle_enable=\"false\" data-particle-mobile-disabled=\"false\" data-id=\"d9860a1\" data-element_type=\"container\" data-settings=\"{&quot;background_background&quot;:&quot;classic&quot;}\">\n\t\t<div class=\"has_eae_slider elementor-element elementor-element-1798eca e-con-full e-flex elementor-invisible e-con e-child\" data-eae-slider=\"82167\" data-particle_enable=\"false\" data-particle-mobile-disabled=\"false\" data-id=\"1798eca\" data-element_type=\"container\" data-settings=\"{&quot;animation&quot;:&quot;fadeInUp&quot;}\">\n\t\t\t\t<div class=\"elementor-element elementor-element-0287fa0 elementor-widget elementor-widget-heading\" data-id=\"0287fa0\" data-element_type=\"widget\" data-widget_type=\"heading.default\">\n\t\t\t\t<div class=\"elementor-widget-container\">\n\t\t\t\t\t<h1 class=\"elementor-heading-title elementor-size-default\">Avviso legale<\/h1>\t\t\t\t<\/div>\n\t\t\t\t<\/div>\n\t\t\t\t<div class=\"elementor-element elementor-element-15e6e20 elementor-widget elementor-widget-text-editor\" data-id=\"15e6e20\" data-element_type=\"widget\" data-widget_type=\"text-editor.default\">\n\t\t\t\t<div class=\"elementor-widget-container\">\n\t\t\t\t\t\t\t\t\t<p>Il sito web e il dominio https:\/\/www.nection.eu\/ (il &#8220;Sito web&#8221;) corrispondono a Truck Parking Network SL (&#8220;<b>Nection<\/b>&#8220;) con NIF B10659688 con sede in Crta N2 km 760, Hostalets de Llers 17730, Girona, Spagna, tel. 972 541 106, e-mail: commercial@nection.eu. <\/p><h3> <\/h3><p>\u00c8 iscritta al Registro delle Imprese con Foglio: GI-70909 IRUS: 1000219171781 Registrazione: 12 Foglio elettronico.<\/p><h3> <\/h3><p>Il Sito Web \u00e8 stato creato per offrire informazioni dettagliate e aggiornate sui servizi offerti da Nection (i &#8220;<b>Servizi<\/b>&#8220;).<\/p><h3> <\/h3><p>La presente nota legale (&#8220;Nota Legale&#8221;), unitamente all&#8217;informativa sulla privacy (&#8220;Informativa sulla Privacy&#8221;), all&#8217;informativa sui cookie (&#8220;Informativa sui Cookie&#8221;) e ai termini e condizioni del servizio (&#8220;Termini e Condizioni&#8221;) costituiscono il quadro giuridico applicabile (collettivamente, &#8220;T<b>ermini Legali del Sito Web<\/b>&#8220;) per l&#8217;utilizzo del Sito Web. L&#8217;utilizzo del Sito Web conferisce all&#8217;utente lo status di utente (&#8220;Utente&#8221;) e implica l&#8217;accettazione espressa e completa dei Termini Legali del Sito Web. In qualit\u00e0 di Utente, l&#8217;utente accetta di utilizzare il Sito Web in conformit\u00e0 con i Termini Legali del Sito Web e con la normativa vigente applicabile al momento dell&#8217;utilizzo. <\/p><h3> <\/h3><p><span style=\"font-weight: 400;\">Le Condizioni Legali del Sito Web vengono aggiornate periodicamente, pertanto si applicheranno quelle in vigore e pubblicate al momento dell&#8217;utilizzo. Vi preghiamo di leggere attentamente tali testi prima di navigare sul Sito Web, nonch\u00e9 periodicamente. Se non siete d&#8217;accordo con le Condizioni Legali di questo Sito Web, vi preghiamo di astenervi dall&#8217;utilizzarlo.  <\/span><\/p><h3> <\/h3><p><b>TERMINI DI UTILIZZO<\/b><\/p><p><span style=\"font-weight: 400;\">L&#8217;utilizzo di questo sito web implica la piena accettazione delle Condizioni Legali del sito web. Qualsiasi utilizzo non autorizzato \u00e8 vietato senza la previa autorizzazione scritta di Nection. Nection si riserva il diritto di negare, sospendere, interrompere o annullare l&#8217;accesso o l&#8217;utilizzo del sito web, in tutto o in parte, agli utenti che violano una qualsiasi delle condizioni stabilite nel presente Avviso Legale e\/o una qualsiasi delle Condizioni Legali del sito web.  <\/span><\/p><h3> <\/h3><p><span style=\"font-weight: 400;\">Nection ha inoltre il diritto di indagare e segnalare qualsiasi condotta sopra menzionata in conformit\u00e0 alla legge, nonch\u00e9 di collaborare con le autorit\u00e0 nelle indagini su tale condotta.<\/span><\/p><h3> <\/h3><p><span style=\"font-weight: 400;\">In qualit\u00e0 di Utente, accetti di utilizzare in modo appropriato il Sito Web e i materiali, i servizi e i moduli offerti tramite esso, in conformit\u00e0 con la legge applicabile e sempre per gli scopi per i quali sono stati creati. <\/span><\/p><h3> <\/h3><p><span style=\"font-weight: 400;\">A tal fine, in qualit\u00e0 di Utente, dovrai astenerti dall&#8217;utilizzare il Sito Web per scopi illegali, proibiti o non autorizzati o per scopi che siano lesivi dei diritti e degli interessi di terzi; o che possano in qualsiasi modo danneggiare, rendere inutilizzabile, sovraccaricare, compromettere o impedire il normale utilizzo del Sito Web, dei servizi, delle apparecchiature informatiche, dei documenti, dei file e degli altri contenuti offerti dal Sito Web e\/o che possano essere memorizzati su qualsiasi apparecchiatura informatica di propriet\u00e0 di Nection, di altri Utenti o di qualsiasi utente di Internet (sia hardware che software). <\/span><\/p><h3> <\/h3><p><span style=\"font-weight: 400;\">In particolare, in qualit\u00e0 di Utente accetti (a titolo esemplificativo ma non esaustivo):<\/span><\/p><ol><li style=\"font-weight: 400;\" aria-level=\"1\"><span style=\"font-weight: 400;\">Non impegnarsi in attivit\u00e0 illecite, illegali o contrarie alla buona fede e all&#8217;ordine pubblico;<\/span><\/li><li style=\"font-weight: 400;\" aria-level=\"1\"><span style=\"font-weight: 400;\">Non causare danni ai sistemi fisici e logici del Sito Web, dei suoi fornitori o di terze parti;<\/span><\/li><li style=\"font-weight: 400;\" aria-level=\"1\"><span style=\"font-weight: 400;\">Non introdurre o diffondere virus informatici o altri sistemi fisici o logici che possano causare danni alle reti, alle apparecchiature, ai sistemi degli Utenti, al Sito Web o a Nection;<\/span><\/li><li style=\"font-weight: 400;\" aria-level=\"1\"><span style=\"font-weight: 400;\">Non tentare di accedere, utilizzare e\/o manipolare i dati di Nection, di fornitori terzi e\/o di altri Utenti;<\/span><\/li><li style=\"font-weight: 400;\" aria-level=\"1\"><span style=\"font-weight: 400;\">Non rimuovere, alterare, eludere o manipolare alcun dispositivo di protezione o sistema di sicurezza che possa essere installato al suo interno;<\/span><\/li><li style=\"font-weight: 400;\" aria-level=\"1\"><span style=\"font-weight: 400;\">Non \u00e8 consentito utilizzare robot, sistemi di data mining o di raccolta dati (come spider o scraper), link nascosti o altri strumenti, programmi, algoritmi o metodi automatizzati di raccolta\/estrazione dati per accedere, acquisire, copiare o monitorare il Sito Web senza la previa autorizzazione scritta di Nection.<\/span><\/li><li style=\"font-weight: 400;\" aria-level=\"1\"><span style=\"font-weight: 400;\">Non utilizzare i Servizi e, in particolare, le informazioni ottenute tramite il Sito Web per inviare pubblicit\u00e0, comunicazioni a fini di vendita diretta o qualsiasi altro tipo di scopo commerciale, messaggi indesiderati rivolti a una pluralit\u00e0 di persone indipendentemente dal loro scopo, o per commercializzare o altrimenti divulgare tali informazioni.<\/span><\/li><li style=\"font-weight: 400;\" aria-level=\"1\"><span style=\"font-weight: 400;\">Non impersonare un&#8217;altra persona o organizzazione, utilizzare un linguaggio irrispettoso o offensivo come insulti, minacce o commenti che potrebbero offendere altri utenti; o presentare, raccomandare e\/o citare aziende o siti web e\/o intraprendere attivit\u00e0 di marketing o spam. Questo tipo di contenuto verr\u00e0 eliminato, insieme a tutti gli account che hanno intrapreso tali azioni.  <\/span><\/li><\/ol><h3> <\/h3><p><span style=\"font-weight: 400;\">Nection si riserva il diritto di rimuovere qualsiasi contenuto irrispettoso e\/o che violi le disposizioni della presente sezione, nonch\u00e9 di intraprendere qualsiasi azione legale appropriata.<\/span><\/p><h3> <\/h3><p>In qualit\u00e0 di Utente, accetti di utilizzare i contenuti messi a tua disposizione sul Sito Web, che includono, a titolo esemplificativo ma non esaustivo, testo, fotografie, grafica, file, loghi, immagini, icone, tecnologia, software e link; nonch\u00e9 la selezione e la presentazione dei materiali ivi inclusi e altri contenuti audiovisivi o sonori, il suo software, la progettazione grafica e i codici sorgente necessari per il suo funzionamento, accesso e utilizzo (i &#8220;Contenuti&#8221;), in conformit\u00e0 con la legge e i Termini legali del Sito Web; e, in particolare, ti asterrai da:<\/p><ol><li style=\"font-weight: 400;\" aria-level=\"1\"><span style=\"font-weight: 400;\">Riprodurre, copiare, distribuire, rendere disponibile o altrimenti comunicare pubblicamente, trasformare o modificare, o realizzare qualsiasi altra forma di sfruttamento, con qualsiasi mezzo, di tutto o parte dei Contenuti, cos\u00ec come della loro progettazione e della selezione e forma di presentazione, a meno che non si disponga dell&#8217;espressa autorizzazione preventiva di Nection o del titolare dei diritti corrispondenti o sia legalmente consentito;<\/span><\/li><li style=\"font-weight: 400;\" aria-level=\"1\"><span style=\"font-weight: 400;\">Decompilare, disassemblare, sottoporre a reverse engineering, concedere in sublicenza o trasmettere in alcun modo, tradurre o creare opere derivate dai programmi informatici necessari per il funzionamento, l&#8217;accesso e l&#8217;utilizzo del Sito Web e dei servizi in esso contenuti, nonch\u00e9 eseguire, in relazione a tutti o parte di tali programmi, qualsiasi atto di sfruttamento descritto nel paragrafo precedente. In qualit\u00e0 di Utente del Sito Web, l&#8217;Utente si impegna in ogni caso ad astenersi dall&#8217;eliminare, alterare, eludere o manipolare qualsiasi dispositivo di protezione o sistema di sicurezza eventualmente installato sul Sito Web. <\/span><\/li><li style=\"font-weight: 400;\" aria-level=\"1\"><span style=\"font-weight: 400;\">Cancellare, manipolare o in qualsiasi modo alterare qualsiasi riserva di diritti e altri dati identificativi;<\/span><\/li><li style=\"font-weight: 400;\" aria-level=\"1\"><span style=\"font-weight: 400;\">Non \u00e8 consentita la presentazione dei contenuti di questo sito web in una finestra diversa da <\/span><a href=\"https:\/\/www.nection.eu\/it\/\"><span style=\"font-weight: 400;\">https:\/\/www.nection.eu\/<\/span><\/a><span style=\"font-weight: 400;\"> (framing).<\/span><\/li><\/ol><h3> <\/h3><p><b>RESPONSABILIT\u00c0 PER I CONTENUTI<\/b><\/p><p><span style=\"font-weight: 400;\">Sebbene Nection agisca con la massima diligenza, alcuni dati o informazioni potrebbero non essere completamente aggiornati al momento della consultazione da parte dell&#8217;Utente del Sito Web. Pertanto, Nection precisa che i riferimenti dei prodotti e i prezzi presentati sul Sito Web hanno carattere puramente indicativo e non sono vincolanti per Nection fino alla conferma esplicita dell&#8217;ordine. <\/span><\/p><h3> <\/h3><p><span style=\"font-weight: 400;\">Nection non garantisce la disponibilit\u00e0 e il funzionamento continuo del Sito Web, n\u00e9 che esso sia privo di errori. Ove ragionevolmente possibile, Nection fornir\u00e0 preavviso di eventuali interruzioni nel funzionamento del Sito Web. Nection esclude, nella misura massima consentita dalla legge, qualsiasi responsabilit\u00e0 per danni di qualsiasi tipo che possano derivare dalla disponibilit\u00e0 e dall&#8217;accesso continuo al Sito Web, quali interruzioni tecniche, di sicurezza, di controllo o di fornitura, ecc. In qualit\u00e0 di Utente del Sito Web, sei, in ogni caso, tenuto a disporre di strumenti adeguati per il rilevamento e la disinfezione di programmi informatici dannosi o dannosi.   <\/span><\/p><h3> <\/h3><p><span style=\"font-weight: 400;\">Allo stesso modo, Nection esclude ogni responsabilit\u00e0 per errori od omissioni nei Contenuti del Sito Web o in altri contenuti accessibili tramite lo stesso, nonch\u00e9 per eventuali danni derivanti dall&#8217;utilizzo del Sito Web e\/o da azioni intraprese sulla base delle informazioni ivi fornite, inclusa la presenza di virus o altri elementi che possano causare alterazioni ai sistemi informatici. Nection non si assume inoltre alcuna responsabilit\u00e0 di alcun tipo per l&#8217;utilizzo del Sito Web e\/o dei suoi Contenuti da parte di altri Utenti, n\u00e9 per errori od omissioni da parte di terzi, indipendentemente dal fatto che tali terzi siano collegati a Nection da un rapporto contrattuale. <\/span><\/p><h3> <\/h3><p><span style=\"font-weight: 400;\">Le informazioni presenti sul Sito Web sono fornite senza alcuna garanzia di alcun tipo, espressa o implicita, e possono essere modificate o aggiornate senza preavviso. Nection non garantisce l&#8217;assenza di virus, worm o altri elementi informatici dannosi che potrebbero causare danni o alterazioni al sistema informatico, ai documenti elettronici o ai file dell&#8217;Utente del Sito Web. Di conseguenza, Nection declina ogni responsabilit\u00e0 per eventuali danni che tali elementi possano causare agli Utenti.   <\/span><\/p><h3> <\/h3><p><span style=\"font-weight: 400;\">In qualit\u00e0 di Utente, sarai responsabile per qualsiasi danno di qualsiasi tipo che Nection possa subire a seguito della violazione di uno qualsiasi degli obblighi a cui sei soggetto ai sensi delle presenti Condizioni Legali del Sito Web. In qualit\u00e0 di Utente, devi essere consapevole e accettare volontariamente che l&#8217;utilizzo di qualsiasi Contenuto di questo Sito Web \u00e8, in ogni caso, sotto la tua unica ed esclusiva responsabilit\u00e0 e devi fornire le informazioni necessarie in modo tempestivo e in conformit\u00e0 con le linee guida e le istruzioni presenti sul Sito Web. <\/span><\/p><h3> <\/h3><p><span style=\"font-weight: 400;\">Il Sito Web non \u00e8 destinato a Utenti minorenni.<\/span><\/p><h3> <\/h3><p><span style=\"font-weight: 400;\">In ogni caso, Nection si impegna a cercare di risolvere nel pi\u00f9 breve tempo possibile eventuali problemi e\/o incidenti che dovessero presentarsi e a offrire all&#8217;Utente tutto il supporto necessario per giungere, se necessario, a una risoluzione rapida e soddisfacente dell&#8217;incidente.<\/span><\/p><h3> <\/h3><p><b>PROPRIET\u00c0 INTELLETTUALE E INDUSTRIALE<\/b><\/p><p><span style=\"font-weight: 400;\">Le informazioni pubblicate sul Sito Web, cos\u00ec come i suoi Contenuti, sono di propriet\u00e0 di Nection o dei suoi autori e sono considerate opere protette ai sensi delle disposizioni del Regio Decreto 1\/1996 del 12 aprile, che approva il testo riveduto della Legge sulla Propriet\u00e0 Intellettuale. In nessun caso Nection potr\u00e0 essere interpretata come una concessione o un&#8217;autorizzazione agli Utenti a sfruttare, in alcun modo, i diritti su tali Contenuti oltre quanto strettamente necessario per il corretto utilizzo del Sito Web. I contenuti del Sito Web, inclusi testi, immagini e progetti grafici, appartengono a Nection o a terzi che ne hanno espressamente autorizzato l&#8217;uso sul proprio Sito Web. Nection presenta tali contenuti a scopo informativo e pubblicitario. Nection ne autorizza l&#8217;uso esclusivamente per la promozione dei propri prodotti o servizi. Qualsiasi utilizzo di tali progetti, immagini o testi dovr\u00e0 espressamente riconoscerne la propriet\u00e0 da parte di Nection, che si riserva il diritto di avviare le opportune azioni legali per riparare eventuali danni causati da qualsiasi atto che violi i propri diritti di propriet\u00e0 intellettuale o industriale.     <\/span><\/p>\t\t\t\t\t\t\t\t<\/div>\n\t\t\t\t<\/div>\n\t\t\t\t<\/div>\n\t\t\t\t<\/div>\n\t\t\t\t<\/div>\n\t\t","protected":false},"excerpt":{"rendered":"<p>Avviso legale Il sito web e il dominio https:\/\/www.nection.eu\/ (il &#8220;Sito web&#8221;) corrispondono a Truck Parking Network SL (&#8220;Nection&#8220;) con NIF B10659688 con sede in Crta N2 km 760, Hostalets de Llers 17730, Girona, Spagna, tel. 972 541 106, e-mail: commercial@nection.eu. \u00c8 iscritta al Registro delle Imprese con Foglio: GI-70909 IRUS: 1000219171781 Registrazione: 12 Foglio<a class=\"more-link\" href=\"https:\/\/www.nection.eu\/it\/avviso-legale\/\">Continua a leggere <span class=\"screen-reader-text\">&#8220;Avviso legale&#8221;<\/span><\/a><\/p>\n","protected":false},"author":1,"featured_media":0,"parent":0,"menu_order":0,"comment_status":"closed","ping_status":"closed","template":"elementor_header_footer","meta":{"_acf_changed":false,"footnotes":""},"class_list":["post-2725","page","type-page","status-publish","hentry","entry"],"acf":[],"yoast_head":"<!-- This site is optimized with the Yoast SEO plugin v26.9 - https:\/\/yoast.com\/product\/yoast-seo-wordpress\/ -->\n<title>Avviso legale | Nection<\/title>\n<meta name=\"robots\" content=\"noindex, follow\" \/>\n<meta property=\"og:locale\" content=\"it_IT\" \/>\n<meta property=\"og:type\" content=\"article\" \/>\n<meta property=\"og:title\" content=\"Avviso legale | Nection\" \/>\n<meta property=\"og:description\" content=\"Avviso legale Il sito web e il dominio https:\/\/www.nection.eu\/ (il &#8220;Sito web&#8221;) corrispondono a Truck Parking Network SL (&#8220;Nection&#8220;) con NIF B10659688 con sede in Crta N2 km 760, Hostalets de Llers 17730, Girona, Spagna, tel. 972 541 106, e-mail: commercial@nection.eu. \u00c8 iscritta al Registro delle Imprese con Foglio: GI-70909 IRUS: 1000219171781 Registrazione: 12 FoglioContinua a leggere &quot;Avviso legale&quot;\" \/>\n<meta property=\"og:url\" content=\"https:\/\/www.nection.eu\/it\/avviso-legale\/\" \/>\n<meta property=\"og:site_name\" content=\"Nection\" \/>\n<meta property=\"article:modified_time\" content=\"2025-10-24T13:09:51+00:00\" \/>\n<meta property=\"og:image\" content=\"https:\/\/www.nection.eu\/wp-content\/uploads\/2025\/06\/Logo-nection.jpg\" \/>\n\t<meta property=\"og:image:width\" content=\"1280\" \/>\n\t<meta property=\"og:image:height\" content=\"720\" \/>\n\t<meta property=\"og:image:type\" content=\"image\/jpeg\" \/>\n<meta name=\"twitter:card\" content=\"summary_large_image\" \/>\n<meta name=\"twitter:label1\" content=\"Tempo di lettura stimato\" \/>\n\t<meta name=\"twitter:data1\" content=\"8 minuti\" \/>\n<script type=\"application\/ld+json\" class=\"yoast-schema-graph\">{\"@context\":\"https:\/\/schema.org\",\"@graph\":[{\"@type\":\"WebPage\",\"@id\":\"https:\/\/www.nection.eu\/it\/avviso-legale\/\",\"url\":\"https:\/\/www.nection.eu\/it\/avviso-legale\/\",\"name\":\"Avviso legale | Nection\",\"isPartOf\":{\"@id\":\"https:\/\/www.nection.eu\/it\/#website\"},\"datePublished\":\"2021-04-21T06:42:48+00:00\",\"dateModified\":\"2025-10-24T13:09:51+00:00\",\"breadcrumb\":{\"@id\":\"https:\/\/www.nection.eu\/it\/avviso-legale\/#breadcrumb\"},\"inLanguage\":\"it-IT\",\"potentialAction\":[{\"@type\":\"ReadAction\",\"target\":[\"https:\/\/www.nection.eu\/it\/avviso-legale\/\"]}]},{\"@type\":\"BreadcrumbList\",\"@id\":\"https:\/\/www.nection.eu\/it\/avviso-legale\/#breadcrumb\",\"itemListElement\":[{\"@type\":\"ListItem\",\"position\":1,\"name\":\"Portada\",\"item\":\"https:\/\/www.nection.eu\/it\/home\/\"},{\"@type\":\"ListItem\",\"position\":2,\"name\":\"Avviso legale\"}]},{\"@type\":\"WebSite\",\"@id\":\"https:\/\/www.nection.eu\/it\/#website\",\"url\":\"https:\/\/www.nection.eu\/it\/\",\"name\":\"Nection\",\"description\":\"Espacios seguros para un transporte eficiente\",\"publisher\":{\"@id\":\"https:\/\/www.nection.eu\/it\/#organization\"},\"potentialAction\":[{\"@type\":\"SearchAction\",\"target\":{\"@type\":\"EntryPoint\",\"urlTemplate\":\"https:\/\/www.nection.eu\/it\/?s={search_term_string}\"},\"query-input\":{\"@type\":\"PropertyValueSpecification\",\"valueRequired\":true,\"valueName\":\"search_term_string\"}}],\"inLanguage\":\"it-IT\"},{\"@type\":\"Organization\",\"@id\":\"https:\/\/www.nection.eu\/it\/#organization\",\"name\":\"Nection\",\"alternateName\":\"Nection\",\"url\":\"https:\/\/www.nection.eu\/it\/\",\"logo\":{\"@type\":\"ImageObject\",\"inLanguage\":\"it-IT\",\"@id\":\"https:\/\/www.nection.eu\/it\/#\/schema\/logo\/image\/\",\"url\":\"https:\/\/www.nection.eu\/wp-content\/uploads\/2025\/05\/nection_favicon_2.png\",\"contentUrl\":\"https:\/\/www.nection.eu\/wp-content\/uploads\/2025\/05\/nection_favicon_2.png\",\"width\":512,\"height\":512,\"caption\":\"Nection\"},\"image\":{\"@id\":\"https:\/\/www.nection.eu\/it\/#\/schema\/logo\/image\/\"}}]}<\/script>\n<!-- \/ Yoast SEO plugin. -->","yoast_head_json":{"title":"Avviso legale | Nection","robots":{"index":"noindex","follow":"follow"},"og_locale":"it_IT","og_type":"article","og_title":"Avviso legale | Nection","og_description":"Avviso legale Il sito web e il dominio https:\/\/www.nection.eu\/ (il &#8220;Sito web&#8221;) corrispondono a Truck Parking Network SL (&#8220;Nection&#8220;) con NIF B10659688 con sede in Crta N2 km 760, Hostalets de Llers 17730, Girona, Spagna, tel. 972 541 106, e-mail: commercial@nection.eu. \u00c8 iscritta al Registro delle Imprese con Foglio: GI-70909 IRUS: 1000219171781 Registrazione: 12 FoglioContinua a leggere \"Avviso legale\"","og_url":"https:\/\/www.nection.eu\/it\/avviso-legale\/","og_site_name":"Nection","article_modified_time":"2025-10-24T13:09:51+00:00","og_image":[{"width":1280,"height":720,"url":"https:\/\/www.nection.eu\/wp-content\/uploads\/2025\/06\/Logo-nection.jpg","type":"image\/jpeg"}],"twitter_card":"summary_large_image","twitter_misc":{"Tempo di lettura stimato":"8 minuti"},"schema":{"@context":"https:\/\/schema.org","@graph":[{"@type":"WebPage","@id":"https:\/\/www.nection.eu\/it\/avviso-legale\/","url":"https:\/\/www.nection.eu\/it\/avviso-legale\/","name":"Avviso legale | Nection","isPartOf":{"@id":"https:\/\/www.nection.eu\/it\/#website"},"datePublished":"2021-04-21T06:42:48+00:00","dateModified":"2025-10-24T13:09:51+00:00","breadcrumb":{"@id":"https:\/\/www.nection.eu\/it\/avviso-legale\/#breadcrumb"},"inLanguage":"it-IT","potentialAction":[{"@type":"ReadAction","target":["https:\/\/www.nection.eu\/it\/avviso-legale\/"]}]},{"@type":"BreadcrumbList","@id":"https:\/\/www.nection.eu\/it\/avviso-legale\/#breadcrumb","itemListElement":[{"@type":"ListItem","position":1,"name":"Portada","item":"https:\/\/www.nection.eu\/it\/home\/"},{"@type":"ListItem","position":2,"name":"Avviso legale"}]},{"@type":"WebSite","@id":"https:\/\/www.nection.eu\/it\/#website","url":"https:\/\/www.nection.eu\/it\/","name":"Nection","description":"Espacios seguros para un transporte eficiente","publisher":{"@id":"https:\/\/www.nection.eu\/it\/#organization"},"potentialAction":[{"@type":"SearchAction","target":{"@type":"EntryPoint","urlTemplate":"https:\/\/www.nection.eu\/it\/?s={search_term_string}"},"query-input":{"@type":"PropertyValueSpecification","valueRequired":true,"valueName":"search_term_string"}}],"inLanguage":"it-IT"},{"@type":"Organization","@id":"https:\/\/www.nection.eu\/it\/#organization","name":"Nection","alternateName":"Nection","url":"https:\/\/www.nection.eu\/it\/","logo":{"@type":"ImageObject","inLanguage":"it-IT","@id":"https:\/\/www.nection.eu\/it\/#\/schema\/logo\/image\/","url":"https:\/\/www.nection.eu\/wp-content\/uploads\/2025\/05\/nection_favicon_2.png","contentUrl":"https:\/\/www.nection.eu\/wp-content\/uploads\/2025\/05\/nection_favicon_2.png","width":512,"height":512,"caption":"Nection"},"image":{"@id":"https:\/\/www.nection.eu\/it\/#\/schema\/logo\/image\/"}}]}},"_links":{"self":[{"href":"https:\/\/www.nection.eu\/it\/wp-json\/wp\/v2\/pages\/2725","targetHints":{"allow":["GET"]}}],"collection":[{"href":"https:\/\/www.nection.eu\/it\/wp-json\/wp\/v2\/pages"}],"about":[{"href":"https:\/\/www.nection.eu\/it\/wp-json\/wp\/v2\/types\/page"}],"author":[{"embeddable":true,"href":"https:\/\/www.nection.eu\/it\/wp-json\/wp\/v2\/users\/1"}],"replies":[{"embeddable":true,"href":"https:\/\/www.nection.eu\/it\/wp-json\/wp\/v2\/comments?post=2725"}],"version-history":[{"count":1,"href":"https:\/\/www.nection.eu\/it\/wp-json\/wp\/v2\/pages\/2725\/revisions"}],"predecessor-version":[{"id":2726,"href":"https:\/\/www.nection.eu\/it\/wp-json\/wp\/v2\/pages\/2725\/revisions\/2726"}],"wp:attachment":[{"href":"https:\/\/www.nection.eu\/it\/wp-json\/wp\/v2\/media?parent=2725"}],"curies":[{"name":"wp","href":"https:\/\/api.w.org\/{rel}","templated":true}]}}