{"id":3626,"date":"2021-04-21T07:39:55","date_gmt":"2021-04-21T05:39:55","guid":{"rendered":"https:\/\/www.nection.eu\/politique-de-confidentialite\/"},"modified":"2026-01-14T12:14:29","modified_gmt":"2026-01-14T11:14:29","slug":"politique-de-confidentialite","status":"publish","type":"page","link":"https:\/\/www.nection.eu\/fr\/politique-de-confidentialite\/","title":{"rendered":"Politique de confidentialit\u00e9"},"content":{"rendered":"\t\t<div data-elementor-type=\"wp-page\" data-elementor-id=\"3626\" class=\"elementor elementor-3626 elementor-3\" data-elementor-post-type=\"page\">\n\t\t\t\t<div class=\"has_eae_slider elementor-element elementor-element-1a10ec7 e-con-full e-flex e-con e-parent\" data-eae-slider=\"37231\" data-particle_enable=\"false\" data-particle-mobile-disabled=\"false\" data-id=\"1a10ec7\" data-element_type=\"container\" data-settings=\"{&quot;background_background&quot;:&quot;classic&quot;}\">\n\t\t<div class=\"has_eae_slider elementor-element elementor-element-e8a2834 e-con-full e-flex elementor-invisible e-con e-child\" data-eae-slider=\"79933\" data-particle_enable=\"false\" data-particle-mobile-disabled=\"false\" data-id=\"e8a2834\" data-element_type=\"container\" data-settings=\"{&quot;animation&quot;:&quot;fadeInUp&quot;}\">\n\t\t\t\t<div class=\"elementor-element elementor-element-ca771e7 elementor-widget elementor-widget-heading\" data-id=\"ca771e7\" data-element_type=\"widget\" data-widget_type=\"heading.default\">\n\t\t\t\t<div class=\"elementor-widget-container\">\n\t\t\t\t\t<h1 class=\"elementor-heading-title elementor-size-default\">Politique de confidentialit\u00e9<\/h1>\t\t\t\t<\/div>\n\t\t\t\t<\/div>\n\t\t\t\t<div class=\"elementor-element elementor-element-667eee8 elementor-widget elementor-widget-text-editor\" data-id=\"667eee8\" data-element_type=\"widget\" data-widget_type=\"text-editor.default\">\n\t\t\t\t<div class=\"elementor-widget-container\">\n\t\t\t\t\t\t\t\t\t<p>Nous vous informons que les donn\u00e9es personnelles des clients seront trait\u00e9es conform\u00e9ment \u00e0 la l\u00e9gislation en vigueur en mati\u00e8re de protection des donn\u00e9es personnelles, de confidentialit\u00e9 des utilisateurs et de confidentialit\u00e9 et s\u00e9curit\u00e9 des donn\u00e9es personnelles, conform\u00e9ment aux dispositions de la loi organique 3\/2018 du 5 d\u00e9cembre sur la protection des donn\u00e9es personnelles et la garantie des droits num\u00e9riques (\u00ab LOPD-GDD \u00bb) et au r\u00e8glement (UE) 2016\/679 du Parlement europ\u00e9en et du Conseil du 27 avril 2016 relatif \u00e0 la protection des personnes physiques \u00e0 l&rsquo;\u00e9gard du traitement des donn\u00e9es \u00e0 caract\u00e8re personnel (\u00ab RGPD \u00bb).<\/p><p> <\/p><p><span style=\"font-weight: 400;\">Afin de se conformer \u00e0 la r\u00e9glementation susmentionn\u00e9e en mati\u00e8re de protection des donn\u00e9es, la politique de confidentialit\u00e9 a \u00e9t\u00e9 mise \u00e0 jour :<\/span><\/p><p> <\/p><p>La pr\u00e9sente politique de confidentialit\u00e9 (\u00ab Politique de confidentialit\u00e9 \u00bb) vous informe sur le traitement des donn\u00e9es effectu\u00e9 par Truck Parking Network SL pour les utilisateurs (les \u00ab Utilisateurs \u00bb) qui visitent le site web (le \u00ab Site web \u00bb). Truck Parking Network SL appr\u00e9cie votre confiance en tant qu&rsquo;Utilisateur et respecte votre vie priv\u00e9e. C&rsquo;est pourquoi nous vous expliquons ci-dessous comment vos donn\u00e9es sont trait\u00e9es. Si vous avez des questions ou souhaitez recevoir plus d&rsquo;informations \u00e0 ce sujet, vous pouvez \u00e9crire \u00e0 commercial@nection.eu].<\/p><p> <\/p><p>Responsable du traitement : Le responsable du traitement est la personne qui d\u00e9cide de la finalit\u00e9 pour laquelle vos donn\u00e9es \u00e0 caract\u00e8re personnel sont utilis\u00e9es, en l&rsquo;occurrence Truck Parking Network SL (\u00ab Nection \u00bb) avec le num\u00e9ro d&rsquo;identification fiscale B10659688 et le si\u00e8ge social situ\u00e9 \u00e0 Crta N2 km 760, Hostalets de Llers 17730, G\u00e9rone, Espagne. <\/p><p><span style=\"font-weight: 400;\">Vous pouvez contacter le responsable de Nection \u00e0 l&rsquo;adresse suivante : commercial@nection.eu<\/span><\/p><p> <\/p><p>Origine et cat\u00e9gorie des donn\u00e9es trait\u00e9es : une donn\u00e9e personnelle (\u00ab Donn\u00e9e \u00bb) est toute information concernant une personne physique identifi\u00e9e ou identifiable (la \u00ab Personne concern\u00e9e \u00bb). Les Donn\u00e9es trait\u00e9es par Nection proviennent des informations que vous fournissez en tant qu&rsquo;Utilisateur lorsque vous remplissez les formulaires du Site web, naviguez sur le Site web, effectuez une r\u00e9servation via le Site web et\/ou envoyez vos questions ou demandes d&rsquo;informations. <\/p><p> <\/p><p><span style=\"font-weight: 400;\">Dans chaque formulaire, Nection indique les donn\u00e9es de contact obligatoires pour pouvoir r\u00e9pondre \u00e0 votre demande ou requ\u00eate \u00e0 l&rsquo;aide d&rsquo;un ast\u00e9risque. Les donn\u00e9es qui ne sont pas marqu\u00e9es comme obligatoires par un ast\u00e9risque sont enti\u00e8rement facultatives. Seules les donn\u00e9es n\u00e9cessaires \u00e0 chaque finalit\u00e9 sont collect\u00e9es. Veuillez noter que si vous ne fournissez pas les informations obligatoires, il se peut que nous ne puissions pas r\u00e9pondre \u00e0 votre demande ou requ\u00eate ou g\u00e9rer le traitement.   <\/span><\/p><p> <\/p><p><span style=\"font-weight: 400;\">Veuillez noter qu&rsquo;il est de votre responsabilit\u00e9 de fournir des donn\u00e9es v\u00e9ridiques et de les maintenir \u00e0 jour. Nection se r\u00e9serve donc le droit d&rsquo;exclure des services et\/ou d&rsquo;annuler ceux-ci aux utilisateurs qui fournissent des donn\u00e9es fausses, incorrectes ou sans l&rsquo;autorisation pr\u00e9alable de la personne concern\u00e9e, sans pr\u00e9judice du droit d&rsquo;exercer toutes les actions l\u00e9gales appropri\u00e9es.<\/span><\/p><p> <\/p><p>Finalit\u00e9 du traitement : Nection traite les informations que vous nous fournissez aux fins suivantes :<\/p><p> <\/p><ol><li style=\"list-style-type: none;\"><ol><li style=\"font-weight: 400;\" aria-level=\"1\">CONTRAT\/R\u00c9SERVATION DE SERVICES. Lorsque vous souscrivez ou r\u00e9servez un service, vos donn\u00e9es sont utilis\u00e9es pour g\u00e9rer le contrat ou la r\u00e9servation et fournir le service, ainsi que pour respecter les obligations l\u00e9gales applicables. Vos donn\u00e9es sont \u00e9galement utilis\u00e9es pour vous contacter au sujet du contrat ou de la r\u00e9servation et pour vous proposer des offres et des informations suppl\u00e9mentaires sur Nection en rapport avec celui-ci.<\/li><li style=\"font-weight: 400;\" aria-level=\"1\"><b>CONTACT.<\/b><span style=\"font-weight: 400;\"> Si vous contactez Nection par les canaux pr\u00e9vus \u00e0 cet effet, par courrier \u00e9lectronique ou par tout autre moyen mis \u00e0 votre disposition, les coordonn\u00e9es et les informations que vous fournissez seront utilis\u00e9es pour r\u00e9pondre de mani\u00e8re ad\u00e9quate \u00e0 vos questions ou demandes, ce qui inclut la possibilit\u00e9 de vous contacter par diff\u00e9rents moyens et de transmettre vos questions ou demandes aux responsables concern\u00e9s afin qu&rsquo;ils puissent y r\u00e9pondre.<\/span><\/li><\/ol><\/li><\/ol><ul><li aria-level=\"1\">NAVIGATION SUR LE WEB. Gr\u00e2ce \u00e0 l&rsquo;utilisation de cookies et d&rsquo;autres technologies, Nection peut effectuer des mesures et analyser le trafic de navigation, la facilit\u00e9 d&rsquo;utilisation et votre exp\u00e9rience en tant qu&rsquo;utilisateur sur le site Web de mani\u00e8re statistique. L&rsquo;installation et l&rsquo;utilisation des cookies d\u00e9pendent des param\u00e8tres que vous d\u00e9finissez dans la banni\u00e8re des cookies et dans votre navigateur.<\/li><\/ul><p><b><\/b><br><br><\/p><p>Dur\u00e9e de conservation : les donn\u00e9es fournies seront conserv\u00e9es pendant la dur\u00e9e n\u00e9cessaire \u00e0 la r\u00e9alisation des finalit\u00e9s pour lesquelles elles ont \u00e9t\u00e9 collect\u00e9es, et plus pr\u00e9cis\u00e9ment :<\/p><p> <\/p><ol><li style=\"font-weight: 400;\" aria-level=\"1\"><span style=\"font-weight: 400;\">En ce qui concerne la souscription ou la r\u00e9servation de services aupr\u00e8s de Nection, vos donn\u00e9es seront conserv\u00e9es pendant la dur\u00e9e n\u00e9cessaire \u00e0 la fourniture du service, puis bloqu\u00e9es pendant les p\u00e9riodes de conservation ou les d\u00e9lais de prescription pr\u00e9vus par la loi.<\/span><\/li><li style=\"font-weight: 400;\" aria-level=\"1\"><span style=\"font-weight: 400;\">En ce qui concerne les donn\u00e9es que vous fournissez pour effectuer des consultations ou contacter Nection, celles-ci seront trait\u00e9es aussi longtemps que n\u00e9cessaire pour r\u00e9pondre \u00e0 votre demande ou requ\u00eate et\/ou vous permettre d&rsquo;acc\u00e9der aux services, ainsi que, le cas \u00e9ch\u00e9ant, pendant le temps n\u00e9cessaire pour traiter d&rsquo;\u00e9ventuelles r\u00e9clamations ou demandes de votre part.<\/span><\/li><li style=\"font-weight: 400;\" aria-level=\"1\"><span style=\"font-weight: 400;\">En ce qui concerne l&rsquo;envoi de communications, vos donn\u00e9es seront trait\u00e9es jusqu&rsquo;\u00e0 ce que vous r\u00e9voquiez votre consentement, vous opposiez au traitement et\/ou demandiez la suppression de vos donn\u00e9es, pendant une dur\u00e9e maximale de deux ans.<\/span><\/li><li style=\"font-weight: 400;\" aria-level=\"1\"><span style=\"font-weight: 400;\">En ce qui concerne les donn\u00e9es de navigation Web, jusqu&rsquo;\u00e0 ce que vous r\u00e9voquiez votre consentement et pendant une dur\u00e9e maximale d&rsquo;un an. Dans tous les cas, les informations relatives au trafic Web sont supprim\u00e9es p\u00e9riodiquement, de sorte que seules les donn\u00e9es statistiques d&rsquo;utilisation anonymis\u00e9es (sans identification des utilisateurs) sont conserv\u00e9es. <\/span><\/li><\/ol><p> <\/p><p><span style=\"font-weight: 400;\">Une fois que les donn\u00e9es ne sont plus n\u00e9cessaires aux fins pour lesquelles elles sont trait\u00e9es, elles resteront bloqu\u00e9es dans le seul but de r\u00e9pondre \u00e0 toute responsabilit\u00e9 ou obligation pouvant d\u00e9couler de leur traitement.<\/span><\/p><p> <\/p><p>L\u00e9gitimation : La base l\u00e9gale du traitement de vos donn\u00e9es pour la r\u00e9servation des services de Nection est l&rsquo;ex\u00e9cution du contrat et le respect des obligations l\u00e9gales.<\/p><p> <\/p><p><span style=\"font-weight: 400;\">La base juridique pour l&rsquo;envoi de communications commerciales est le consentement donn\u00e9 lors de l&rsquo;inscription dans les formulaires correspondants. Dans certains cas, le traitement de vos donn\u00e9es lorsque vous contactez Nection peut \u00eatre couvert par l&rsquo;ex\u00e9cution de mesures pr\u00e9contractuelles si celles-ci sont n\u00e9cessaires pour r\u00e9pondre \u00e0 votre demande. <\/span><\/p><p> <\/p><p><span style=\"font-weight: 400;\">Veuillez noter que si vous souscrivez aux services de Nection, des communications pourront \u00e9galement vous \u00eatre envoy\u00e9es sur la base de notre int\u00e9r\u00eat l\u00e9gitime \u00e0 vous proposer des am\u00e9liorations, des offres et des activit\u00e9s susceptibles de vous int\u00e9resser et \u00e0 vous tenir inform\u00e9 des diff\u00e9rentes activit\u00e9s et initiatives susceptibles de vous int\u00e9resser. <\/span><\/p><p> <\/p><p><span style=\"font-weight: 400;\">La base legal del tratamiento de sus Datos en relaci\u00f3n con la navegaci\u00f3n por la Web es el consentimiento, prestado cuando se acepta la instalaci\u00f3n de las cookies, y que puede revocar o configurar en cualquier momento a trav\u00e9s del panel de configuraci\u00f3n. Puede encontrar m\u00e1s informaci\u00f3n sobre el uso de las cookies en la <\/span><span style=\"font-weight: 400;\">Pol\u00edtica de cookies<\/span><span style=\"font-weight: 400;\"> de Nection.<\/span><\/p><p> <\/p><p><span style=\"font-weight: 400;\">La base l\u00e9gale du traitement de vos donn\u00e9es en relation avec la navigation sur le site web est le consentement, donn\u00e9 lorsque vous acceptez l&rsquo;installation de cookies, et que vous pouvez r\u00e9voquer ou configurer \u00e0 tout moment via le panneau de configuration. Vous trouverez plus d&rsquo;informations sur l&rsquo;utilisation des cookies dans la politique de Nection en mati\u00e8re de cookies. <\/span><\/p><p> <\/p><p>Destinataires : les donn\u00e9es que vous fournissez ne seront pas transmises \u00e0 des tiers, sauf en cas d&rsquo;obligation l\u00e9gale.<\/p><p> <\/p><p><span style=\"font-weight: 400;\">Toutefois, afin d&rsquo;ex\u00e9cuter certaines fonctions n\u00e9cessaires \u00e0 la prestation du service, vos donn\u00e9es peuvent \u00eatre communiqu\u00e9es \u00e0 des fournisseurs tiers qui aident Nection \u00e0 exercer son activit\u00e9 et qui agiront en tant que sous-traitants. Ceux-ci seront contractuellement tenus de respecter leurs obligations l\u00e9gales en tant que sous-traitants, ainsi que de pr\u00e9server la confidentialit\u00e9 et le secret des informations.<\/span><\/p><p> <\/p><p>Mesures de s\u00e9curit\u00e9 : Nection accorde une importance particuli\u00e8re \u00e0 la s\u00e9curit\u00e9 de vos donn\u00e9es. Vos donn\u00e9es sont stock\u00e9es dans les syst\u00e8mes d&rsquo;information de Nection, o\u00f9 des mesures de s\u00e9curit\u00e9 techniques et organisationnelles ont \u00e9t\u00e9 adopt\u00e9es et mises en \u0153uvre afin d&#8217;emp\u00eacher toute perte ou utilisation non autoris\u00e9e par des tiers.<\/p><p> <\/p><p>Droits : en tant que personne concern\u00e9e, vous disposez des droits suivants sur vos donn\u00e9es \u00e0 caract\u00e8re personnel :<\/p><ol><li style=\"font-weight: 400;\" aria-level=\"1\"><span style=\"font-weight: 400;\">Droit de demander l&rsquo;acc\u00e8s \u00e0 vos donn\u00e9es personnelles.<\/span><\/li><li style=\"font-weight: 400;\" aria-level=\"1\"><span style=\"font-weight: 400;\">Droit de demander leur rectification ou leur suppression.<\/span><\/li><li style=\"font-weight: 400;\" aria-level=\"1\"><span style=\"font-weight: 400;\">Droit de demander la limitation <\/span><\/li><li style=\"font-weight: 400;\" aria-level=\"1\"><span style=\"font-weight: 400;\">Droit de s&rsquo;opposer au traitement de vos donn\u00e9es.<\/span><\/li><li style=\"font-weight: 400;\" aria-level=\"1\"><span style=\"font-weight: 400;\">Droit de r\u00e9voquer le consentement donn\u00e9.<\/span><\/li><li style=\"font-weight: 400;\" aria-level=\"1\"><span style=\"font-weight: 400;\">Droit \u00e0 la portabilit\u00e9 de vos donn\u00e9es<\/span><\/li><\/ol><p> <\/p><p><span style=\"font-weight: 400;\">Pour exercer vos droits, vous devez envoyer un courrier \u00e9lectronique \u00e0 l&rsquo;adresse <\/span><a href=\"mailto:commercial@nection.eu\"><span style=\"font-weight: 400;\">commercial@nection.eu<\/span><\/a> en pr\u00e9cisant le droit que vous souhaitez exercer. <\/p><p>Afin de faciliter le traitement de votre demande, veuillez indiquer \u00ab Protection des donn\u00e9es \u00bb dans l&rsquo;objet.<\/p><p> <\/p><p><span style=\"font-weight: 400;\">De m\u00eame, nous vous informons que vous pouvez d\u00e9poser une r\u00e9clamation aupr\u00e8s de l&rsquo;Agence espagnole de protection des donn\u00e9es, dont le si\u00e8ge se trouve Calle de Jorge Juan, 6, 28001 Madrid (www.aepd.es).<\/span><\/p>\t\t\t\t\t\t\t\t<\/div>\n\t\t\t\t<\/div>\n\t\t\t\t<\/div>\n\t\t\t\t<\/div>\n\t\t\t\t<\/div>\n\t\t","protected":false},"excerpt":{"rendered":"<p>Politique de confidentialit\u00e9 Nous vous informons que les donn\u00e9es personnelles des clients seront trait\u00e9es conform\u00e9ment \u00e0 la l\u00e9gislation en vigueur en mati\u00e8re de protection des donn\u00e9es personnelles, de confidentialit\u00e9 des utilisateurs et de confidentialit\u00e9 et s\u00e9curit\u00e9 des donn\u00e9es personnelles, conform\u00e9ment aux dispositions de la loi organique 3\/2018 du 5 d\u00e9cembre sur la protection des donn\u00e9es<a class=\"more-link\" href=\"https:\/\/www.nection.eu\/fr\/politique-de-confidentialite\/\">Continue reading <span class=\"screen-reader-text\">\u00ab\u00a0Politique de confidentialit\u00e9\u00a0\u00bb<\/span><\/a><\/p>\n","protected":false},"author":1,"featured_media":0,"parent":0,"menu_order":0,"comment_status":"closed","ping_status":"closed","template":"elementor_header_footer","meta":{"_acf_changed":false,"footnotes":""},"class_list":["post-3626","page","type-page","status-publish","hentry","entry"],"acf":[],"yoast_head":"<!-- This site is optimized with the Yoast SEO plugin v26.9 - https:\/\/yoast.com\/product\/yoast-seo-wordpress\/ -->\n<title>Politique de confidentialit\u00e9 | Nection<\/title>\n<meta name=\"robots\" content=\"noindex, follow\" \/>\n<meta property=\"og:locale\" content=\"fr_FR\" \/>\n<meta property=\"og:type\" content=\"article\" \/>\n<meta property=\"og:title\" content=\"Politique de confidentialit\u00e9 | Nection\" \/>\n<meta property=\"og:description\" content=\"Politique de confidentialit\u00e9 Nous vous informons que les donn\u00e9es personnelles des clients seront trait\u00e9es conform\u00e9ment \u00e0 la l\u00e9gislation en vigueur en mati\u00e8re de protection des donn\u00e9es personnelles, de confidentialit\u00e9 des utilisateurs et de confidentialit\u00e9 et s\u00e9curit\u00e9 des donn\u00e9es personnelles, conform\u00e9ment aux dispositions de la loi organique 3\/2018 du 5 d\u00e9cembre sur la protection des donn\u00e9esContinue reading &quot;Politique de confidentialit\u00e9&quot;\" \/>\n<meta property=\"og:url\" content=\"https:\/\/www.nection.eu\/fr\/politique-de-confidentialite\/\" \/>\n<meta property=\"og:site_name\" content=\"Nection\" \/>\n<meta property=\"article:modified_time\" content=\"2026-01-14T11:14:29+00:00\" \/>\n<meta property=\"og:image\" content=\"https:\/\/www.nection.eu\/wp-content\/uploads\/2025\/06\/Logo-nection.jpg\" \/>\n\t<meta property=\"og:image:width\" content=\"1280\" \/>\n\t<meta property=\"og:image:height\" content=\"720\" \/>\n\t<meta property=\"og:image:type\" content=\"image\/jpeg\" \/>\n<meta name=\"twitter:card\" content=\"summary_large_image\" \/>\n<meta name=\"twitter:label1\" content=\"Dur\u00e9e de lecture estim\u00e9e\" \/>\n\t<meta name=\"twitter:data1\" content=\"8 minutes\" \/>\n<script type=\"application\/ld+json\" class=\"yoast-schema-graph\">{\"@context\":\"https:\/\/schema.org\",\"@graph\":[{\"@type\":\"WebPage\",\"@id\":\"https:\/\/www.nection.eu\/fr\/politique-de-confidentialite\/\",\"url\":\"https:\/\/www.nection.eu\/fr\/politique-de-confidentialite\/\",\"name\":\"Politique de confidentialit\u00e9 | Nection\",\"isPartOf\":{\"@id\":\"https:\/\/www.nection.eu\/fr\/#website\"},\"datePublished\":\"2021-04-21T05:39:55+00:00\",\"dateModified\":\"2026-01-14T11:14:29+00:00\",\"breadcrumb\":{\"@id\":\"https:\/\/www.nection.eu\/fr\/politique-de-confidentialite\/#breadcrumb\"},\"inLanguage\":\"fr-FR\",\"potentialAction\":[{\"@type\":\"ReadAction\",\"target\":[\"https:\/\/www.nection.eu\/fr\/politique-de-confidentialite\/\"]}]},{\"@type\":\"BreadcrumbList\",\"@id\":\"https:\/\/www.nection.eu\/fr\/politique-de-confidentialite\/#breadcrumb\",\"itemListElement\":[{\"@type\":\"ListItem\",\"position\":1,\"name\":\"Portada\",\"item\":\"https:\/\/www.nection.eu\/fr\/home\/\"},{\"@type\":\"ListItem\",\"position\":2,\"name\":\"Politique de confidentialit\u00e9\"}]},{\"@type\":\"WebSite\",\"@id\":\"https:\/\/www.nection.eu\/fr\/#website\",\"url\":\"https:\/\/www.nection.eu\/fr\/\",\"name\":\"Nection\",\"description\":\"Espacios seguros para un transporte eficiente\",\"publisher\":{\"@id\":\"https:\/\/www.nection.eu\/fr\/#organization\"},\"potentialAction\":[{\"@type\":\"SearchAction\",\"target\":{\"@type\":\"EntryPoint\",\"urlTemplate\":\"https:\/\/www.nection.eu\/fr\/?s={search_term_string}\"},\"query-input\":{\"@type\":\"PropertyValueSpecification\",\"valueRequired\":true,\"valueName\":\"search_term_string\"}}],\"inLanguage\":\"fr-FR\"},{\"@type\":\"Organization\",\"@id\":\"https:\/\/www.nection.eu\/fr\/#organization\",\"name\":\"Nection\",\"alternateName\":\"Nection\",\"url\":\"https:\/\/www.nection.eu\/fr\/\",\"logo\":{\"@type\":\"ImageObject\",\"inLanguage\":\"fr-FR\",\"@id\":\"https:\/\/www.nection.eu\/fr\/#\/schema\/logo\/image\/\",\"url\":\"https:\/\/www.nection.eu\/wp-content\/uploads\/2025\/05\/nection_favicon_2.png\",\"contentUrl\":\"https:\/\/www.nection.eu\/wp-content\/uploads\/2025\/05\/nection_favicon_2.png\",\"width\":512,\"height\":512,\"caption\":\"Nection\"},\"image\":{\"@id\":\"https:\/\/www.nection.eu\/fr\/#\/schema\/logo\/image\/\"}}]}<\/script>\n<!-- \/ Yoast SEO plugin. -->","yoast_head_json":{"title":"Politique de confidentialit\u00e9 | Nection","robots":{"index":"noindex","follow":"follow"},"og_locale":"fr_FR","og_type":"article","og_title":"Politique de confidentialit\u00e9 | Nection","og_description":"Politique de confidentialit\u00e9 Nous vous informons que les donn\u00e9es personnelles des clients seront trait\u00e9es conform\u00e9ment \u00e0 la l\u00e9gislation en vigueur en mati\u00e8re de protection des donn\u00e9es personnelles, de confidentialit\u00e9 des utilisateurs et de confidentialit\u00e9 et s\u00e9curit\u00e9 des donn\u00e9es personnelles, conform\u00e9ment aux dispositions de la loi organique 3\/2018 du 5 d\u00e9cembre sur la protection des donn\u00e9esContinue reading \"Politique de confidentialit\u00e9\"","og_url":"https:\/\/www.nection.eu\/fr\/politique-de-confidentialite\/","og_site_name":"Nection","article_modified_time":"2026-01-14T11:14:29+00:00","og_image":[{"width":1280,"height":720,"url":"https:\/\/www.nection.eu\/wp-content\/uploads\/2025\/06\/Logo-nection.jpg","type":"image\/jpeg"}],"twitter_card":"summary_large_image","twitter_misc":{"Dur\u00e9e de lecture estim\u00e9e":"8 minutes"},"schema":{"@context":"https:\/\/schema.org","@graph":[{"@type":"WebPage","@id":"https:\/\/www.nection.eu\/fr\/politique-de-confidentialite\/","url":"https:\/\/www.nection.eu\/fr\/politique-de-confidentialite\/","name":"Politique de confidentialit\u00e9 | Nection","isPartOf":{"@id":"https:\/\/www.nection.eu\/fr\/#website"},"datePublished":"2021-04-21T05:39:55+00:00","dateModified":"2026-01-14T11:14:29+00:00","breadcrumb":{"@id":"https:\/\/www.nection.eu\/fr\/politique-de-confidentialite\/#breadcrumb"},"inLanguage":"fr-FR","potentialAction":[{"@type":"ReadAction","target":["https:\/\/www.nection.eu\/fr\/politique-de-confidentialite\/"]}]},{"@type":"BreadcrumbList","@id":"https:\/\/www.nection.eu\/fr\/politique-de-confidentialite\/#breadcrumb","itemListElement":[{"@type":"ListItem","position":1,"name":"Portada","item":"https:\/\/www.nection.eu\/fr\/home\/"},{"@type":"ListItem","position":2,"name":"Politique de confidentialit\u00e9"}]},{"@type":"WebSite","@id":"https:\/\/www.nection.eu\/fr\/#website","url":"https:\/\/www.nection.eu\/fr\/","name":"Nection","description":"Espacios seguros para un transporte eficiente","publisher":{"@id":"https:\/\/www.nection.eu\/fr\/#organization"},"potentialAction":[{"@type":"SearchAction","target":{"@type":"EntryPoint","urlTemplate":"https:\/\/www.nection.eu\/fr\/?s={search_term_string}"},"query-input":{"@type":"PropertyValueSpecification","valueRequired":true,"valueName":"search_term_string"}}],"inLanguage":"fr-FR"},{"@type":"Organization","@id":"https:\/\/www.nection.eu\/fr\/#organization","name":"Nection","alternateName":"Nection","url":"https:\/\/www.nection.eu\/fr\/","logo":{"@type":"ImageObject","inLanguage":"fr-FR","@id":"https:\/\/www.nection.eu\/fr\/#\/schema\/logo\/image\/","url":"https:\/\/www.nection.eu\/wp-content\/uploads\/2025\/05\/nection_favicon_2.png","contentUrl":"https:\/\/www.nection.eu\/wp-content\/uploads\/2025\/05\/nection_favicon_2.png","width":512,"height":512,"caption":"Nection"},"image":{"@id":"https:\/\/www.nection.eu\/fr\/#\/schema\/logo\/image\/"}}]}},"_links":{"self":[{"href":"https:\/\/www.nection.eu\/fr\/wp-json\/wp\/v2\/pages\/3626","targetHints":{"allow":["GET"]}}],"collection":[{"href":"https:\/\/www.nection.eu\/fr\/wp-json\/wp\/v2\/pages"}],"about":[{"href":"https:\/\/www.nection.eu\/fr\/wp-json\/wp\/v2\/types\/page"}],"author":[{"embeddable":true,"href":"https:\/\/www.nection.eu\/fr\/wp-json\/wp\/v2\/users\/1"}],"replies":[{"embeddable":true,"href":"https:\/\/www.nection.eu\/fr\/wp-json\/wp\/v2\/comments?post=3626"}],"version-history":[{"count":1,"href":"https:\/\/www.nection.eu\/fr\/wp-json\/wp\/v2\/pages\/3626\/revisions"}],"predecessor-version":[{"id":3627,"href":"https:\/\/www.nection.eu\/fr\/wp-json\/wp\/v2\/pages\/3626\/revisions\/3627"}],"wp:attachment":[{"href":"https:\/\/www.nection.eu\/fr\/wp-json\/wp\/v2\/media?parent=3626"}],"curies":[{"name":"wp","href":"https:\/\/api.w.org\/{rel}","templated":true}]}}